{"id":33171,"date":"2025-09-24T15:05:29","date_gmt":"2025-09-24T13:05:29","guid":{"rendered":"https:\/\/www.repairnstore.ch\/reparation-diphone\/reparation-de-liphone-air\/"},"modified":"2026-02-23T14:06:26","modified_gmt":"2026-02-23T13:06:26","slug":"reparation-de-liphone-air","status":"publish","type":"page","link":"https:\/\/www.repairnstore.ch\/fr\/reparation-diphone\/reparation-de-liphone-air\/","title":{"rendered":"R\u00e9paration de l&rsquo;iPhone Air"},"content":{"rendered":"","protected":false},"excerpt":{"rendered":"","protected":false},"author":60,"featured_media":33127,"parent":5420,"menu_order":0,"comment_status":"closed","ping_status":"closed","template":"","meta":{"googlesitekit_rrm_CAow6obBDA:productID":"","site-sidebar-layout":"default","site-content-layout":"","ast-site-content-layout":"default","site-content-style":"default","site-sidebar-style":"default","ast-global-header-display":"","ast-banner-title-visibility":"","ast-main-header-display":"","ast-hfb-above-header-display":"","ast-hfb-below-header-display":"","ast-hfb-mobile-header-display":"","site-post-title":"","ast-breadcrumbs-content":"","ast-featured-img":"","footer-sml-layout":"","ast-disable-related-posts":"","theme-transparent-header-meta":"default","adv-header-id-meta":"","stick-header-meta":"default","header-above-stick-meta":"","header-main-stick-meta":"","header-below-stick-meta":"","astra-migrate-meta-layouts":"default","ast-page-background-enabled":"default","ast-page-background-meta":{"desktop":{"background-color":"var(--ast-global-color-5)","background-image":"","background-repeat":"repeat","background-position":"center center","background-size":"auto","background-attachment":"scroll","background-type":"","background-media":"","overlay-type":"","overlay-color":"","overlay-opacity":"","overlay-gradient":""},"tablet":{"background-color":"","background-image":"","background-repeat":"repeat","background-position":"center center","background-size":"auto","background-attachment":"scroll","background-type":"","background-media":"","overlay-type":"","overlay-color":"","overlay-opacity":"","overlay-gradient":""},"mobile":{"background-color":"","background-image":"","background-repeat":"repeat","background-position":"center center","background-size":"auto","background-attachment":"scroll","background-type":"","background-media":"","overlay-type":"","overlay-color":"","overlay-opacity":"","overlay-gradient":""}},"ast-content-background-meta":{"desktop":{"background-color":"var(--ast-global-color-4)","background-image":"","background-repeat":"repeat","background-position":"center center","background-size":"auto","background-attachment":"scroll","background-type":"","background-media":"","overlay-type":"","overlay-color":"","overlay-opacity":"","overlay-gradient":""},"tablet":{"background-color":"var(--ast-global-color-4)","background-image":"","background-repeat":"repeat","background-position":"center center","background-size":"auto","background-attachment":"scroll","background-type":"","background-media":"","overlay-type":"","overlay-color":"","overlay-opacity":"","overlay-gradient":""},"mobile":{"background-color":"var(--ast-global-color-4)","background-image":"","background-repeat":"repeat","background-position":"center center","background-size":"auto","background-attachment":"scroll","background-type":"","background-media":"","overlay-type":"","overlay-color":"","overlay-opacity":"","overlay-gradient":""}},"footnotes":""},"class_list":["post-33171","page","type-page","status-publish","has-post-thumbnail","hentry"],"yoast_head":"<!-- This site is optimized with the Yoast SEO Premium plugin v26.5 (Yoast SEO v27.4) - https:\/\/yoast.com\/product\/yoast-seo-premium-wordpress\/ -->\n<title>iPhone Air R\u00e9paration rapide et fiable \u00e0 Zurich, B\u00e2le, Berne<\/title>\n<meta name=\"description\" content=\"Vous recherchez des services de r\u00e9paration pour iPhone Air ? Obtenez des solutions de qualit\u00e9 et abordables chez repairNstore.\" \/>\n<meta name=\"robots\" content=\"index, follow, max-snippet:-1, max-image-preview:large, max-video-preview:-1\" \/>\n<link rel=\"canonical\" href=\"https:\/\/www.repairnstore.ch\/fr\/reparation-diphone\/reparation-de-liphone-air\/\" \/>\n<meta property=\"og:locale\" content=\"fr_FR\" \/>\n<meta property=\"og:type\" content=\"article\" \/>\n<meta property=\"og:title\" content=\"R\u00e9paration de l&#039;iPhone Air\" \/>\n<meta property=\"og:url\" content=\"https:\/\/www.repairnstore.ch\/fr\/reparation-diphone\/reparation-de-liphone-air\/\" \/>\n<meta property=\"article:publisher\" content=\"https:\/\/www.facebook.com\/repairnstore.zurich\" \/>\n<meta property=\"article:modified_time\" content=\"2026-02-23T13:06:26+00:00\" \/>\n<meta property=\"og:image\" content=\"https:\/\/i0.wp.com\/www.repairnstore.ch\/wp-content\/uploads\/2025\/09\/apple-iphone-air-reparatur-luzern-basel-bern-zurich-winterthur-st-gallen-lausanne-geneve-lugano-thun-schwarz.png?fit=520%2C520&ssl=1\" \/>\n\t<meta property=\"og:image:width\" content=\"520\" \/>\n\t<meta property=\"og:image:height\" content=\"520\" \/>\n\t<meta property=\"og:image:type\" content=\"image\/png\" \/>\n<meta name=\"twitter:card\" content=\"summary_large_image\" \/>\n<meta name=\"twitter:site\" content=\"@repairnstore\" \/>\n<script type=\"application\/ld+json\" class=\"yoast-schema-graph\">{\"@context\":\"https:\\\/\\\/schema.org\",\"@graph\":[{\"@type\":\"NewsArticle\",\"@id\":\"https:\\\/\\\/www.repairnstore.ch\\\/fr\\\/reparation-diphone\\\/reparation-de-liphone-air\\\/#article\",\"isPartOf\":{\"@id\":\"https:\\\/\\\/www.repairnstore.ch\\\/fr\\\/reparation-diphone\\\/reparation-de-liphone-air\\\/\"},\"author\":{\"name\":\"Altin Gashi\",\"@id\":\"https:\\\/\\\/www.repairnstore.ch\\\/fr\\\/#\\\/schema\\\/person\\\/95b0f1c9385df916057a35901f233b72\"},\"headline\":\"R\u00e9paration de l&rsquo;iPhone Air\",\"datePublished\":\"2025-09-24T13:05:29+00:00\",\"dateModified\":\"2026-02-23T13:06:26+00:00\",\"mainEntityOfPage\":{\"@id\":\"https:\\\/\\\/www.repairnstore.ch\\\/fr\\\/reparation-diphone\\\/reparation-de-liphone-air\\\/\"},\"wordCount\":6,\"publisher\":{\"@id\":\"https:\\\/\\\/www.repairnstore.ch\\\/fr\\\/#organization\"},\"image\":{\"@id\":\"https:\\\/\\\/www.repairnstore.ch\\\/fr\\\/reparation-diphone\\\/reparation-de-liphone-air\\\/#primaryimage\"},\"thumbnailUrl\":\"https:\\\/\\\/i0.wp.com\\\/www.repairnstore.ch\\\/wp-content\\\/uploads\\\/2025\\\/09\\\/apple-iphone-air-reparatur-luzern-basel-bern-zurich-winterthur-st-gallen-lausanne-geneve-lugano-thun-schwarz.png?fit=520%2C520&ssl=1\",\"inLanguage\":\"fr-FR\",\"copyrightYear\":\"2025\",\"copyrightHolder\":{\"@id\":\"https:\\\/\\\/www.repairnstore.ch\\\/#organization\"}},{\"@type\":\"WebPage\",\"@id\":\"https:\\\/\\\/www.repairnstore.ch\\\/fr\\\/reparation-diphone\\\/reparation-de-liphone-air\\\/\",\"url\":\"https:\\\/\\\/www.repairnstore.ch\\\/fr\\\/reparation-diphone\\\/reparation-de-liphone-air\\\/\",\"name\":\"iPhone Air R\u00e9paration rapide et fiable \u00e0 Zurich, B\u00e2le, Berne\",\"isPartOf\":{\"@id\":\"https:\\\/\\\/www.repairnstore.ch\\\/fr\\\/#website\"},\"primaryImageOfPage\":{\"@id\":\"https:\\\/\\\/www.repairnstore.ch\\\/fr\\\/reparation-diphone\\\/reparation-de-liphone-air\\\/#primaryimage\"},\"image\":{\"@id\":\"https:\\\/\\\/www.repairnstore.ch\\\/fr\\\/reparation-diphone\\\/reparation-de-liphone-air\\\/#primaryimage\"},\"thumbnailUrl\":\"https:\\\/\\\/i0.wp.com\\\/www.repairnstore.ch\\\/wp-content\\\/uploads\\\/2025\\\/09\\\/apple-iphone-air-reparatur-luzern-basel-bern-zurich-winterthur-st-gallen-lausanne-geneve-lugano-thun-schwarz.png?fit=520%2C520&ssl=1\",\"datePublished\":\"2025-09-24T13:05:29+00:00\",\"dateModified\":\"2026-02-23T13:06:26+00:00\",\"description\":\"Vous recherchez des services de r\u00e9paration pour iPhone Air ? Obtenez des solutions de qualit\u00e9 et abordables chez repairNstore.\",\"breadcrumb\":{\"@id\":\"https:\\\/\\\/www.repairnstore.ch\\\/fr\\\/reparation-diphone\\\/reparation-de-liphone-air\\\/#breadcrumb\"},\"inLanguage\":\"fr-FR\",\"potentialAction\":[{\"@type\":\"ReadAction\",\"target\":[\"https:\\\/\\\/www.repairnstore.ch\\\/fr\\\/reparation-diphone\\\/reparation-de-liphone-air\\\/\"]}]},{\"@type\":\"ImageObject\",\"inLanguage\":\"fr-FR\",\"@id\":\"https:\\\/\\\/www.repairnstore.ch\\\/fr\\\/reparation-diphone\\\/reparation-de-liphone-air\\\/#primaryimage\",\"url\":\"https:\\\/\\\/i0.wp.com\\\/www.repairnstore.ch\\\/wp-content\\\/uploads\\\/2025\\\/09\\\/apple-iphone-air-reparatur-luzern-basel-bern-zurich-winterthur-st-gallen-lausanne-geneve-lugano-thun-schwarz.png?fit=520%2C520&ssl=1\",\"contentUrl\":\"https:\\\/\\\/i0.wp.com\\\/www.repairnstore.ch\\\/wp-content\\\/uploads\\\/2025\\\/09\\\/apple-iphone-air-reparatur-luzern-basel-bern-zurich-winterthur-st-gallen-lausanne-geneve-lugano-thun-schwarz.png?fit=520%2C520&ssl=1\",\"width\":520,\"height\":520,\"caption\":\"R\u00e9paration iPhone Air en Suisse - R\u00e9parations rapides et fiables \u00e0 Zurich, B\u00e2le, Lucerne, Berne, Winterthur\"},{\"@type\":\"BreadcrumbList\",\"@id\":\"https:\\\/\\\/www.repairnstore.ch\\\/fr\\\/reparation-diphone\\\/reparation-de-liphone-air\\\/#breadcrumb\",\"itemListElement\":[{\"@type\":\"ListItem\",\"position\":1,\"name\":\"Accueil\",\"item\":\"https:\\\/\\\/www.repairnstore.ch\\\/fr\\\/\"},{\"@type\":\"ListItem\",\"position\":2,\"name\":\"r\u00e9paration d&#8217;Iphone\",\"item\":\"https:\\\/\\\/www.repairnstore.ch\\\/fr\\\/reparation-diphone\\\/\"},{\"@type\":\"ListItem\",\"position\":3,\"name\":\"R\u00e9paration de l&#8217;iPhone Air\"}]},{\"@type\":\"WebSite\",\"@id\":\"https:\\\/\\\/www.repairnstore.ch\\\/fr\\\/#website\",\"url\":\"https:\\\/\\\/www.repairnstore.ch\\\/fr\\\/\",\"name\":\"repairNstore\",\"description\":\"Handy, Tablet und Notebook PC Verkauf &amp; Reparatur Express\",\"publisher\":{\"@id\":\"https:\\\/\\\/www.repairnstore.ch\\\/fr\\\/#organization\"},\"alternateName\":\"Online Store & Repair\",\"potentialAction\":[{\"@type\":\"SearchAction\",\"target\":{\"@type\":\"EntryPoint\",\"urlTemplate\":\"https:\\\/\\\/www.repairnstore.ch\\\/fr\\\/?s={search_term_string}\"},\"query-input\":{\"@type\":\"PropertyValueSpecification\",\"valueRequired\":true,\"valueName\":\"search_term_string\"}}],\"inLanguage\":\"fr-FR\"},{\"@type\":[\"Organization\",\"Place\",\"LocalBusiness\"],\"@id\":\"https:\\\/\\\/www.repairnstore.ch\\\/fr\\\/#organization\",\"name\":\"repairNstore\",\"url\":\"https:\\\/\\\/www.repairnstore.ch\\\/fr\\\/\",\"logo\":{\"@id\":\"https:\\\/\\\/www.repairnstore.ch\\\/fr\\\/reparation-diphone\\\/reparation-de-liphone-air\\\/#local-main-organization-logo\"},\"image\":{\"@id\":\"https:\\\/\\\/www.repairnstore.ch\\\/fr\\\/reparation-diphone\\\/reparation-de-liphone-air\\\/#local-main-organization-logo\"},\"sameAs\":[\"https:\\\/\\\/www.facebook.com\\\/repairnstore.zurich\",\"https:\\\/\\\/x.com\\\/repairnstore\",\"https:\\\/\\\/www.instagram.com\\\/repairnstore.blog\\\/\",\"https:\\\/\\\/de.linkedin.com\\\/company\\\/repairnstore\",\"https:\\\/\\\/www.pinterest.de\\\/repairnstore\\\/\",\"https:\\\/\\\/www.instagram.com\\\/repairnstore.bs\",\"https:\\\/\\\/www.instagram.com\\\/repairnstore.zh\"],\"description\":\"repairNstore ist ein innovatives Unternehmen, das sich auf die Reparatur und den Verkauf von Elektronikger\u00e4ten spezialisiert hat. Mit einem Fokus auf schnelle und zuverl\u00e4ssige L\u00f6sungen bietet repairNstore professionelle Reparaturen f\u00fcr Smartphones, Tablets, Laptops und andere elektronische Ger\u00e4te an. Das Unternehmen nutzt hochwertige Ersatzteile und moderne Reparaturtechniken, um die Lebensdauer Ihrer Ger\u00e4te zu verl\u00e4ngern und ihnen eine neue Funktionalit\u00e4t zu verleihen. Neben Reparaturen bietet repairNstore auch einen umfassenden Service f\u00fcr gebrauchte Elektronik, der es Kunden erm\u00f6glicht, Ger\u00e4te zu kaufen, zu verkaufen oder zu tauschen. Mit einer benutzerfreundlichen Plattform und einem exzellenten Kundenservice sorgt das Unternehmen daf\u00fcr, dass Kunden immer die bestm\u00f6gliche L\u00f6sung f\u00fcr ihre Bed\u00fcrfnisse erhalten. Ob es um die Reparatur eines Displays, den Austausch eines Akkus oder die Datenrettung geht \u2013 repairNstore steht f\u00fcr Qualit\u00e4t, Vertrauen und Kundenzufriedenheit.\",\"legalName\":\"repairNstore GmbH\",\"iso6523Code\":\"ISO 9001\",\"numberOfEmployees\":{\"@type\":\"QuantitativeValue\",\"minValue\":\"11\",\"maxValue\":\"50\"},\"address\":{\"@id\":\"https:\\\/\\\/www.repairnstore.ch\\\/fr\\\/reparation-diphone\\\/reparation-de-liphone-air\\\/#local-main-place-address\"},\"geo\":{\"@type\":\"GeoCoordinates\",\"latitude\":\"47.3888804\",\"longitude\":\"8.4833503\"},\"telephone\":[\"+41445004020\"],\"openingHoursSpecification\":[{\"@type\":\"OpeningHoursSpecification\",\"dayOfWeek\":[\"Monday\",\"Tuesday\",\"Wednesday\",\"Thursday\",\"Friday\"],\"opens\":\"09:00\",\"closes\":\"18:00\"},{\"@type\":\"OpeningHoursSpecification\",\"dayOfWeek\":[\"Saturday\"],\"opens\":\"10:00\",\"closes\":\"16:00\"},{\"@type\":\"OpeningHoursSpecification\",\"dayOfWeek\":[\"Sunday\"],\"opens\":\"00:00\",\"closes\":\"00:00\"}],\"email\":\"zh@repairnstore.ch\",\"areaServed\":\"Thun, Bern, Z\u00fcrich, Luzern\",\"priceRange\":\"$$$\",\"currenciesAccepted\":\"CHF\",\"paymentAccepted\":\"Bar, EC-Karte, Kreditkarte\"},{\"@type\":\"Person\",\"@id\":\"https:\\\/\\\/www.repairnstore.ch\\\/fr\\\/#\\\/schema\\\/person\\\/95b0f1c9385df916057a35901f233b72\",\"name\":\"Altin Gashi\",\"image\":{\"@type\":\"ImageObject\",\"inLanguage\":\"fr-FR\",\"@id\":\"https:\\\/\\\/secure.gravatar.com\\\/avatar\\\/2c0be9b5b3473193276ce42f7275f2ef3103a2e9064357a01dbe65723da5b227?s=96&d=identicon&r=g\",\"url\":\"https:\\\/\\\/secure.gravatar.com\\\/avatar\\\/2c0be9b5b3473193276ce42f7275f2ef3103a2e9064357a01dbe65723da5b227?s=96&d=identicon&r=g\",\"contentUrl\":\"https:\\\/\\\/secure.gravatar.com\\\/avatar\\\/2c0be9b5b3473193276ce42f7275f2ef3103a2e9064357a01dbe65723da5b227?s=96&d=identicon&r=g\",\"caption\":\"Altin Gashi\"},\"url\":\"https:\\\/\\\/www.repairnstore.ch\\\/fr\\\/author\\\/altin\\\/\"},{\"@type\":\"PostalAddress\",\"@id\":\"https:\\\/\\\/www.repairnstore.ch\\\/fr\\\/reparation-diphone\\\/reparation-de-liphone-air\\\/#local-main-place-address\",\"streetAddress\":\"Badenerstrasse 708\",\"addressLocality\":\"Z\u00fcrich\",\"postalCode\":\"8048\",\"addressRegion\":\"Z\u00fcrich\",\"addressCountry\":\"CH\"},{\"@type\":\"ImageObject\",\"inLanguage\":\"fr-FR\",\"@id\":\"https:\\\/\\\/www.repairnstore.ch\\\/fr\\\/reparation-diphone\\\/reparation-de-liphone-air\\\/#local-main-organization-logo\",\"url\":\"https:\\\/\\\/i0.wp.com\\\/www.repairnstore.ch\\\/wp-content\\\/uploads\\\/2024\\\/12\\\/repairNstore-Logo-Original-1024-x-1024-px.png?fit=1024%2C1024&ssl=1\",\"contentUrl\":\"https:\\\/\\\/i0.wp.com\\\/www.repairnstore.ch\\\/wp-content\\\/uploads\\\/2024\\\/12\\\/repairNstore-Logo-Original-1024-x-1024-px.png?fit=1024%2C1024&ssl=1\",\"width\":1024,\"height\":1024,\"caption\":\"repairNstore\"}]}<\/script>\n<meta name=\"geo.placename\" content=\"Z\u00fcrich\" \/>\n<meta name=\"geo.position\" content=\"47.3888804;8.4833503\" \/>\n<meta name=\"geo.region\" content=\"Suisse\" \/>\n<!-- \/ Yoast SEO Premium plugin. -->","yoast_head_json":{"title":"iPhone Air R\u00e9paration rapide et fiable \u00e0 Zurich, B\u00e2le, Berne","description":"Vous recherchez des services de r\u00e9paration pour iPhone Air ? Obtenez des solutions de qualit\u00e9 et abordables chez repairNstore.","robots":{"index":"index","follow":"follow","max-snippet":"max-snippet:-1","max-image-preview":"max-image-preview:large","max-video-preview":"max-video-preview:-1"},"canonical":"https:\/\/www.repairnstore.ch\/fr\/reparation-diphone\/reparation-de-liphone-air\/","og_locale":"fr_FR","og_type":"article","og_title":"R\u00e9paration de l'iPhone Air","og_url":"https:\/\/www.repairnstore.ch\/fr\/reparation-diphone\/reparation-de-liphone-air\/","article_publisher":"https:\/\/www.facebook.com\/repairnstore.zurich","article_modified_time":"2026-02-23T13:06:26+00:00","og_image":[{"width":520,"height":520,"url":"https:\/\/i0.wp.com\/www.repairnstore.ch\/wp-content\/uploads\/2025\/09\/apple-iphone-air-reparatur-luzern-basel-bern-zurich-winterthur-st-gallen-lausanne-geneve-lugano-thun-schwarz.png?fit=520%2C520&ssl=1","type":"image\/png"}],"twitter_card":"summary_large_image","twitter_site":"@repairnstore","schema":{"@context":"https:\/\/schema.org","@graph":[{"@type":"NewsArticle","@id":"https:\/\/www.repairnstore.ch\/fr\/reparation-diphone\/reparation-de-liphone-air\/#article","isPartOf":{"@id":"https:\/\/www.repairnstore.ch\/fr\/reparation-diphone\/reparation-de-liphone-air\/"},"author":{"name":"Altin Gashi","@id":"https:\/\/www.repairnstore.ch\/fr\/#\/schema\/person\/95b0f1c9385df916057a35901f233b72"},"headline":"R\u00e9paration de l&rsquo;iPhone Air","datePublished":"2025-09-24T13:05:29+00:00","dateModified":"2026-02-23T13:06:26+00:00","mainEntityOfPage":{"@id":"https:\/\/www.repairnstore.ch\/fr\/reparation-diphone\/reparation-de-liphone-air\/"},"wordCount":6,"publisher":{"@id":"https:\/\/www.repairnstore.ch\/fr\/#organization"},"image":{"@id":"https:\/\/www.repairnstore.ch\/fr\/reparation-diphone\/reparation-de-liphone-air\/#primaryimage"},"thumbnailUrl":"https:\/\/i0.wp.com\/www.repairnstore.ch\/wp-content\/uploads\/2025\/09\/apple-iphone-air-reparatur-luzern-basel-bern-zurich-winterthur-st-gallen-lausanne-geneve-lugano-thun-schwarz.png?fit=520%2C520&ssl=1","inLanguage":"fr-FR","copyrightYear":"2025","copyrightHolder":{"@id":"https:\/\/www.repairnstore.ch\/#organization"}},{"@type":"WebPage","@id":"https:\/\/www.repairnstore.ch\/fr\/reparation-diphone\/reparation-de-liphone-air\/","url":"https:\/\/www.repairnstore.ch\/fr\/reparation-diphone\/reparation-de-liphone-air\/","name":"iPhone Air R\u00e9paration rapide et fiable \u00e0 Zurich, B\u00e2le, Berne","isPartOf":{"@id":"https:\/\/www.repairnstore.ch\/fr\/#website"},"primaryImageOfPage":{"@id":"https:\/\/www.repairnstore.ch\/fr\/reparation-diphone\/reparation-de-liphone-air\/#primaryimage"},"image":{"@id":"https:\/\/www.repairnstore.ch\/fr\/reparation-diphone\/reparation-de-liphone-air\/#primaryimage"},"thumbnailUrl":"https:\/\/i0.wp.com\/www.repairnstore.ch\/wp-content\/uploads\/2025\/09\/apple-iphone-air-reparatur-luzern-basel-bern-zurich-winterthur-st-gallen-lausanne-geneve-lugano-thun-schwarz.png?fit=520%2C520&ssl=1","datePublished":"2025-09-24T13:05:29+00:00","dateModified":"2026-02-23T13:06:26+00:00","description":"Vous recherchez des services de r\u00e9paration pour iPhone Air ? Obtenez des solutions de qualit\u00e9 et abordables chez repairNstore.","breadcrumb":{"@id":"https:\/\/www.repairnstore.ch\/fr\/reparation-diphone\/reparation-de-liphone-air\/#breadcrumb"},"inLanguage":"fr-FR","potentialAction":[{"@type":"ReadAction","target":["https:\/\/www.repairnstore.ch\/fr\/reparation-diphone\/reparation-de-liphone-air\/"]}]},{"@type":"ImageObject","inLanguage":"fr-FR","@id":"https:\/\/www.repairnstore.ch\/fr\/reparation-diphone\/reparation-de-liphone-air\/#primaryimage","url":"https:\/\/i0.wp.com\/www.repairnstore.ch\/wp-content\/uploads\/2025\/09\/apple-iphone-air-reparatur-luzern-basel-bern-zurich-winterthur-st-gallen-lausanne-geneve-lugano-thun-schwarz.png?fit=520%2C520&ssl=1","contentUrl":"https:\/\/i0.wp.com\/www.repairnstore.ch\/wp-content\/uploads\/2025\/09\/apple-iphone-air-reparatur-luzern-basel-bern-zurich-winterthur-st-gallen-lausanne-geneve-lugano-thun-schwarz.png?fit=520%2C520&ssl=1","width":520,"height":520,"caption":"R\u00e9paration iPhone Air en Suisse - R\u00e9parations rapides et fiables \u00e0 Zurich, B\u00e2le, Lucerne, Berne, Winterthur"},{"@type":"BreadcrumbList","@id":"https:\/\/www.repairnstore.ch\/fr\/reparation-diphone\/reparation-de-liphone-air\/#breadcrumb","itemListElement":[{"@type":"ListItem","position":1,"name":"Accueil","item":"https:\/\/www.repairnstore.ch\/fr\/"},{"@type":"ListItem","position":2,"name":"r\u00e9paration d&#8217;Iphone","item":"https:\/\/www.repairnstore.ch\/fr\/reparation-diphone\/"},{"@type":"ListItem","position":3,"name":"R\u00e9paration de l&#8217;iPhone Air"}]},{"@type":"WebSite","@id":"https:\/\/www.repairnstore.ch\/fr\/#website","url":"https:\/\/www.repairnstore.ch\/fr\/","name":"repairNstore","description":"Handy, Tablet und Notebook PC Verkauf &amp; Reparatur Express","publisher":{"@id":"https:\/\/www.repairnstore.ch\/fr\/#organization"},"alternateName":"Online Store & Repair","potentialAction":[{"@type":"SearchAction","target":{"@type":"EntryPoint","urlTemplate":"https:\/\/www.repairnstore.ch\/fr\/?s={search_term_string}"},"query-input":{"@type":"PropertyValueSpecification","valueRequired":true,"valueName":"search_term_string"}}],"inLanguage":"fr-FR"},{"@type":["Organization","Place","LocalBusiness"],"@id":"https:\/\/www.repairnstore.ch\/fr\/#organization","name":"repairNstore","url":"https:\/\/www.repairnstore.ch\/fr\/","logo":{"@id":"https:\/\/www.repairnstore.ch\/fr\/reparation-diphone\/reparation-de-liphone-air\/#local-main-organization-logo"},"image":{"@id":"https:\/\/www.repairnstore.ch\/fr\/reparation-diphone\/reparation-de-liphone-air\/#local-main-organization-logo"},"sameAs":["https:\/\/www.facebook.com\/repairnstore.zurich","https:\/\/x.com\/repairnstore","https:\/\/www.instagram.com\/repairnstore.blog\/","https:\/\/de.linkedin.com\/company\/repairnstore","https:\/\/www.pinterest.de\/repairnstore\/","https:\/\/www.instagram.com\/repairnstore.bs","https:\/\/www.instagram.com\/repairnstore.zh"],"description":"repairNstore ist ein innovatives Unternehmen, das sich auf die Reparatur und den Verkauf von Elektronikger\u00e4ten spezialisiert hat. Mit einem Fokus auf schnelle und zuverl\u00e4ssige L\u00f6sungen bietet repairNstore professionelle Reparaturen f\u00fcr Smartphones, Tablets, Laptops und andere elektronische Ger\u00e4te an. Das Unternehmen nutzt hochwertige Ersatzteile und moderne Reparaturtechniken, um die Lebensdauer Ihrer Ger\u00e4te zu verl\u00e4ngern und ihnen eine neue Funktionalit\u00e4t zu verleihen. Neben Reparaturen bietet repairNstore auch einen umfassenden Service f\u00fcr gebrauchte Elektronik, der es Kunden erm\u00f6glicht, Ger\u00e4te zu kaufen, zu verkaufen oder zu tauschen. Mit einer benutzerfreundlichen Plattform und einem exzellenten Kundenservice sorgt das Unternehmen daf\u00fcr, dass Kunden immer die bestm\u00f6gliche L\u00f6sung f\u00fcr ihre Bed\u00fcrfnisse erhalten. Ob es um die Reparatur eines Displays, den Austausch eines Akkus oder die Datenrettung geht \u2013 repairNstore steht f\u00fcr Qualit\u00e4t, Vertrauen und Kundenzufriedenheit.","legalName":"repairNstore GmbH","iso6523Code":"ISO 9001","numberOfEmployees":{"@type":"QuantitativeValue","minValue":"11","maxValue":"50"},"address":{"@id":"https:\/\/www.repairnstore.ch\/fr\/reparation-diphone\/reparation-de-liphone-air\/#local-main-place-address"},"geo":{"@type":"GeoCoordinates","latitude":"47.3888804","longitude":"8.4833503"},"telephone":["+41445004020"],"openingHoursSpecification":[{"@type":"OpeningHoursSpecification","dayOfWeek":["Monday","Tuesday","Wednesday","Thursday","Friday"],"opens":"09:00","closes":"18:00"},{"@type":"OpeningHoursSpecification","dayOfWeek":["Saturday"],"opens":"10:00","closes":"16:00"},{"@type":"OpeningHoursSpecification","dayOfWeek":["Sunday"],"opens":"00:00","closes":"00:00"}],"email":"zh@repairnstore.ch","areaServed":"Thun, Bern, Z\u00fcrich, Luzern","priceRange":"$$$","currenciesAccepted":"CHF","paymentAccepted":"Bar, EC-Karte, Kreditkarte"},{"@type":"Person","@id":"https:\/\/www.repairnstore.ch\/fr\/#\/schema\/person\/95b0f1c9385df916057a35901f233b72","name":"Altin Gashi","image":{"@type":"ImageObject","inLanguage":"fr-FR","@id":"https:\/\/secure.gravatar.com\/avatar\/2c0be9b5b3473193276ce42f7275f2ef3103a2e9064357a01dbe65723da5b227?s=96&d=identicon&r=g","url":"https:\/\/secure.gravatar.com\/avatar\/2c0be9b5b3473193276ce42f7275f2ef3103a2e9064357a01dbe65723da5b227?s=96&d=identicon&r=g","contentUrl":"https:\/\/secure.gravatar.com\/avatar\/2c0be9b5b3473193276ce42f7275f2ef3103a2e9064357a01dbe65723da5b227?s=96&d=identicon&r=g","caption":"Altin Gashi"},"url":"https:\/\/www.repairnstore.ch\/fr\/author\/altin\/"},{"@type":"PostalAddress","@id":"https:\/\/www.repairnstore.ch\/fr\/reparation-diphone\/reparation-de-liphone-air\/#local-main-place-address","streetAddress":"Badenerstrasse 708","addressLocality":"Z\u00fcrich","postalCode":"8048","addressRegion":"Z\u00fcrich","addressCountry":"CH"},{"@type":"ImageObject","inLanguage":"fr-FR","@id":"https:\/\/www.repairnstore.ch\/fr\/reparation-diphone\/reparation-de-liphone-air\/#local-main-organization-logo","url":"https:\/\/i0.wp.com\/www.repairnstore.ch\/wp-content\/uploads\/2024\/12\/repairNstore-Logo-Original-1024-x-1024-px.png?fit=1024%2C1024&ssl=1","contentUrl":"https:\/\/i0.wp.com\/www.repairnstore.ch\/wp-content\/uploads\/2024\/12\/repairNstore-Logo-Original-1024-x-1024-px.png?fit=1024%2C1024&ssl=1","width":1024,"height":1024,"caption":"repairNstore"}]},"geo.placename":"Z\u00fcrich","geo.position":{"lat":"47.3888804","long":"8.4833503"},"geo.region":"Suisse"},"jetpack_sharing_enabled":true,"_links":{"self":[{"href":"https:\/\/www.repairnstore.ch\/fr\/wp-json\/wp\/v2\/pages\/33171","targetHints":{"allow":["GET"]}}],"collection":[{"href":"https:\/\/www.repairnstore.ch\/fr\/wp-json\/wp\/v2\/pages"}],"about":[{"href":"https:\/\/www.repairnstore.ch\/fr\/wp-json\/wp\/v2\/types\/page"}],"author":[{"embeddable":true,"href":"https:\/\/www.repairnstore.ch\/fr\/wp-json\/wp\/v2\/users\/60"}],"replies":[{"embeddable":true,"href":"https:\/\/www.repairnstore.ch\/fr\/wp-json\/wp\/v2\/comments?post=33171"}],"version-history":[{"count":0,"href":"https:\/\/www.repairnstore.ch\/fr\/wp-json\/wp\/v2\/pages\/33171\/revisions"}],"up":[{"embeddable":true,"href":"https:\/\/www.repairnstore.ch\/fr\/wp-json\/wp\/v2\/pages\/5420"}],"wp:featuredmedia":[{"embeddable":true,"href":"https:\/\/www.repairnstore.ch\/fr\/wp-json\/wp\/v2\/media\/33127"}],"wp:attachment":[{"href":"https:\/\/www.repairnstore.ch\/fr\/wp-json\/wp\/v2\/media?parent=33171"}],"curies":[{"name":"wp","href":"https:\/\/api.w.org\/{rel}","templated":true}]}}