{"id":33418,"date":"2025-09-24T15:35:49","date_gmt":"2025-09-24T13:35:49","guid":{"rendered":"https:\/\/www.repairnstore.ch\/samsung\/reparation-du-samsung-galaxy-z\/reparation-du-samsung-z-flip-6\/"},"modified":"2025-09-24T15:35:49","modified_gmt":"2025-09-24T13:35:49","slug":"reparation-du-samsung-z-flip-6","status":"publish","type":"page","link":"https:\/\/www.repairnstore.ch\/fr\/samsung\/reparation-du-samsung-galaxy-z\/reparation-du-samsung-z-flip-6\/","title":{"rendered":"R\u00e9paration du Samsung Z Flip 6"},"content":{"rendered":"","protected":false},"excerpt":{"rendered":"","protected":false},"author":11,"featured_media":20768,"parent":32801,"menu_order":0,"comment_status":"closed","ping_status":"closed","template":"","meta":{"googlesitekit_rrm_CAow6obBDA:productID":"","site-sidebar-layout":"no-sidebar","site-content-layout":"page-builder","ast-site-content-layout":"default","site-content-style":"default","site-sidebar-style":"default","ast-global-header-display":"","ast-banner-title-visibility":"","ast-main-header-display":"","ast-hfb-above-header-display":"","ast-hfb-below-header-display":"","ast-hfb-mobile-header-display":"","site-post-title":"disabled","ast-breadcrumbs-content":"","ast-featured-img":"disabled","footer-sml-layout":"","ast-disable-related-posts":"","theme-transparent-header-meta":"","adv-header-id-meta":"","stick-header-meta":"","header-above-stick-meta":"","header-main-stick-meta":"","header-below-stick-meta":"","astra-migrate-meta-layouts":"default","ast-page-background-enabled":"default","ast-page-background-meta":{"desktop":{"background-color":"var(--ast-global-color-5)","background-image":"","background-repeat":"repeat","background-position":"center center","background-size":"auto","background-attachment":"scroll","background-type":"","background-media":"","overlay-type":"","overlay-color":"","overlay-opacity":"","overlay-gradient":""},"tablet":{"background-color":"","background-image":"","background-repeat":"repeat","background-position":"center center","background-size":"auto","background-attachment":"scroll","background-type":"","background-media":"","overlay-type":"","overlay-color":"","overlay-opacity":"","overlay-gradient":""},"mobile":{"background-color":"","background-image":"","background-repeat":"repeat","background-position":"center center","background-size":"auto","background-attachment":"scroll","background-type":"","background-media":"","overlay-type":"","overlay-color":"","overlay-opacity":"","overlay-gradient":""}},"ast-content-background-meta":{"desktop":{"background-color":"var(--ast-global-color-4)","background-image":"","background-repeat":"repeat","background-position":"center center","background-size":"auto","background-attachment":"scroll","background-type":"","background-media":"","overlay-type":"","overlay-color":"","overlay-opacity":"","overlay-gradient":""},"tablet":{"background-color":"var(--ast-global-color-4)","background-image":"","background-repeat":"repeat","background-position":"center center","background-size":"auto","background-attachment":"scroll","background-type":"","background-media":"","overlay-type":"","overlay-color":"","overlay-opacity":"","overlay-gradient":""},"mobile":{"background-color":"var(--ast-global-color-4)","background-image":"","background-repeat":"repeat","background-position":"center center","background-size":"auto","background-attachment":"scroll","background-type":"","background-media":"","overlay-type":"","overlay-color":"","overlay-opacity":"","overlay-gradient":""}},"footnotes":""},"class_list":["post-33418","page","type-page","status-publish","has-post-thumbnail","hentry"],"yoast_head":"<!-- This site is optimized with the Yoast SEO Premium plugin v26.5 (Yoast SEO v27.4) - https:\/\/yoast.com\/product\/yoast-seo-premium-wordpress\/ -->\n<title>R\u00e9paration du Samsung Z Flip 6 - R\u00e9paration de l&#039;\u00e9cran, de la batterie sur place !<\/title>\n<meta name=\"description\" content=\"R\u00e9paration Samsung Galaxy Flip 6, Faites r\u00e9parer votre Samsung par notre service national de r\u00e9paration de t\u00e9l\u00e9phones portables.\" \/>\n<meta name=\"robots\" content=\"index, follow, max-snippet:-1, max-image-preview:large, max-video-preview:-1\" \/>\n<link rel=\"canonical\" href=\"https:\/\/www.repairnstore.ch\/fr\/samsung\/reparation-du-samsung-galaxy-z\/reparation-du-samsung-z-flip-6\/\" \/>\n<meta property=\"og:locale\" content=\"fr_FR\" \/>\n<meta property=\"og:type\" content=\"article\" \/>\n<meta property=\"og:title\" content=\"R\u00e9paration du Samsung Z Flip 6\" \/>\n<meta property=\"og:url\" content=\"https:\/\/www.repairnstore.ch\/fr\/samsung\/reparation-du-samsung-galaxy-z\/reparation-du-samsung-z-flip-6\/\" \/>\n<meta property=\"article:publisher\" content=\"https:\/\/www.facebook.com\/repairnstore.zurich\" \/>\n<meta property=\"og:image\" content=\"https:\/\/i0.wp.com\/www.repairnstore.ch\/wp-content\/uploads\/2024\/11\/samsung-galaxy-z-flip6.png?fit=800%2C800&ssl=1\" \/>\n\t<meta property=\"og:image:width\" content=\"800\" \/>\n\t<meta property=\"og:image:height\" content=\"800\" \/>\n\t<meta property=\"og:image:type\" content=\"image\/png\" \/>\n<meta name=\"twitter:card\" content=\"summary_large_image\" \/>\n<meta name=\"twitter:site\" content=\"@repairnstore\" \/>\n<script type=\"application\/ld+json\" class=\"yoast-schema-graph\">{\"@context\":\"https:\\\/\\\/schema.org\",\"@graph\":[{\"@type\":\"NewsArticle\",\"@id\":\"https:\\\/\\\/www.repairnstore.ch\\\/fr\\\/samsung\\\/reparation-du-samsung-galaxy-z\\\/reparation-du-samsung-z-flip-6\\\/#article\",\"isPartOf\":{\"@id\":\"https:\\\/\\\/www.repairnstore.ch\\\/fr\\\/samsung\\\/reparation-du-samsung-galaxy-z\\\/reparation-du-samsung-z-flip-6\\\/\"},\"author\":{\"name\":\"E G\",\"@id\":\"https:\\\/\\\/www.repairnstore.ch\\\/fr\\\/#\\\/schema\\\/person\\\/fcd07ce8e5b5403e61f25d6838fd6510\"},\"headline\":\"R\u00e9paration du Samsung Z Flip 6\",\"datePublished\":\"2025-09-24T13:35:49+00:00\",\"mainEntityOfPage\":{\"@id\":\"https:\\\/\\\/www.repairnstore.ch\\\/fr\\\/samsung\\\/reparation-du-samsung-galaxy-z\\\/reparation-du-samsung-z-flip-6\\\/\"},\"wordCount\":6,\"publisher\":{\"@id\":\"https:\\\/\\\/www.repairnstore.ch\\\/fr\\\/#organization\"},\"image\":{\"@id\":\"https:\\\/\\\/www.repairnstore.ch\\\/fr\\\/samsung\\\/reparation-du-samsung-galaxy-z\\\/reparation-du-samsung-z-flip-6\\\/#primaryimage\"},\"thumbnailUrl\":\"https:\\\/\\\/i0.wp.com\\\/www.repairnstore.ch\\\/wp-content\\\/uploads\\\/2024\\\/11\\\/samsung-galaxy-z-flip6.png?fit=800%2C800&ssl=1\",\"inLanguage\":\"fr-FR\",\"copyrightYear\":\"2025\",\"copyrightHolder\":{\"@id\":\"https:\\\/\\\/www.repairnstore.ch\\\/#organization\"}},{\"@type\":\"WebPage\",\"@id\":\"https:\\\/\\\/www.repairnstore.ch\\\/fr\\\/samsung\\\/reparation-du-samsung-galaxy-z\\\/reparation-du-samsung-z-flip-6\\\/\",\"url\":\"https:\\\/\\\/www.repairnstore.ch\\\/fr\\\/samsung\\\/reparation-du-samsung-galaxy-z\\\/reparation-du-samsung-z-flip-6\\\/\",\"name\":\"R\u00e9paration du Samsung Z Flip 6 - R\u00e9paration de l'\u00e9cran, de la batterie sur place !\",\"isPartOf\":{\"@id\":\"https:\\\/\\\/www.repairnstore.ch\\\/fr\\\/#website\"},\"primaryImageOfPage\":{\"@id\":\"https:\\\/\\\/www.repairnstore.ch\\\/fr\\\/samsung\\\/reparation-du-samsung-galaxy-z\\\/reparation-du-samsung-z-flip-6\\\/#primaryimage\"},\"image\":{\"@id\":\"https:\\\/\\\/www.repairnstore.ch\\\/fr\\\/samsung\\\/reparation-du-samsung-galaxy-z\\\/reparation-du-samsung-z-flip-6\\\/#primaryimage\"},\"thumbnailUrl\":\"https:\\\/\\\/i0.wp.com\\\/www.repairnstore.ch\\\/wp-content\\\/uploads\\\/2024\\\/11\\\/samsung-galaxy-z-flip6.png?fit=800%2C800&ssl=1\",\"datePublished\":\"2025-09-24T13:35:49+00:00\",\"description\":\"R\u00e9paration Samsung Galaxy Flip 6, Faites r\u00e9parer votre Samsung par notre service national de r\u00e9paration de t\u00e9l\u00e9phones portables.\",\"breadcrumb\":{\"@id\":\"https:\\\/\\\/www.repairnstore.ch\\\/fr\\\/samsung\\\/reparation-du-samsung-galaxy-z\\\/reparation-du-samsung-z-flip-6\\\/#breadcrumb\"},\"inLanguage\":\"fr-FR\",\"potentialAction\":[{\"@type\":\"ReadAction\",\"target\":[\"https:\\\/\\\/www.repairnstore.ch\\\/fr\\\/samsung\\\/reparation-du-samsung-galaxy-z\\\/reparation-du-samsung-z-flip-6\\\/\"]}]},{\"@type\":\"ImageObject\",\"inLanguage\":\"fr-FR\",\"@id\":\"https:\\\/\\\/www.repairnstore.ch\\\/fr\\\/samsung\\\/reparation-du-samsung-galaxy-z\\\/reparation-du-samsung-z-flip-6\\\/#primaryimage\",\"url\":\"https:\\\/\\\/i0.wp.com\\\/www.repairnstore.ch\\\/wp-content\\\/uploads\\\/2024\\\/11\\\/samsung-galaxy-z-flip6.png?fit=800%2C800&ssl=1\",\"contentUrl\":\"https:\\\/\\\/i0.wp.com\\\/www.repairnstore.ch\\\/wp-content\\\/uploads\\\/2024\\\/11\\\/samsung-galaxy-z-flip6.png?fit=800%2C800&ssl=1\",\"width\":800,\"height\":800},{\"@type\":\"BreadcrumbList\",\"@id\":\"https:\\\/\\\/www.repairnstore.ch\\\/fr\\\/samsung\\\/reparation-du-samsung-galaxy-z\\\/reparation-du-samsung-z-flip-6\\\/#breadcrumb\",\"itemListElement\":[{\"@type\":\"ListItem\",\"position\":1,\"name\":\"Accueil\",\"item\":\"https:\\\/\\\/www.repairnstore.ch\\\/fr\\\/\"},{\"@type\":\"ListItem\",\"position\":2,\"name\":\"R\u00e9paration Samsung\",\"item\":\"https:\\\/\\\/www.repairnstore.ch\\\/fr\\\/samsung\\\/\"},{\"@type\":\"ListItem\",\"position\":3,\"name\":\"R\u00e9paration du Samsung Galaxy Z\",\"item\":\"https:\\\/\\\/www.repairnstore.ch\\\/fr\\\/samsung\\\/reparation-du-samsung-galaxy-z\\\/\"},{\"@type\":\"ListItem\",\"position\":4,\"name\":\"R\u00e9paration du Samsung Z Flip 6\"}]},{\"@type\":\"WebSite\",\"@id\":\"https:\\\/\\\/www.repairnstore.ch\\\/fr\\\/#website\",\"url\":\"https:\\\/\\\/www.repairnstore.ch\\\/fr\\\/\",\"name\":\"repairNstore\",\"description\":\"Handy, Tablet und Notebook PC Verkauf &amp; Reparatur Express\",\"publisher\":{\"@id\":\"https:\\\/\\\/www.repairnstore.ch\\\/fr\\\/#organization\"},\"alternateName\":\"Online Store & Repair\",\"potentialAction\":[{\"@type\":\"SearchAction\",\"target\":{\"@type\":\"EntryPoint\",\"urlTemplate\":\"https:\\\/\\\/www.repairnstore.ch\\\/fr\\\/?s={search_term_string}\"},\"query-input\":{\"@type\":\"PropertyValueSpecification\",\"valueRequired\":true,\"valueName\":\"search_term_string\"}}],\"inLanguage\":\"fr-FR\"},{\"@type\":[\"Organization\",\"Place\",\"LocalBusiness\"],\"@id\":\"https:\\\/\\\/www.repairnstore.ch\\\/fr\\\/#organization\",\"name\":\"repairNstore\",\"url\":\"https:\\\/\\\/www.repairnstore.ch\\\/fr\\\/\",\"logo\":{\"@id\":\"https:\\\/\\\/www.repairnstore.ch\\\/fr\\\/samsung\\\/reparation-du-samsung-galaxy-z\\\/reparation-du-samsung-z-flip-6\\\/#local-main-organization-logo\"},\"image\":{\"@id\":\"https:\\\/\\\/www.repairnstore.ch\\\/fr\\\/samsung\\\/reparation-du-samsung-galaxy-z\\\/reparation-du-samsung-z-flip-6\\\/#local-main-organization-logo\"},\"sameAs\":[\"https:\\\/\\\/www.facebook.com\\\/repairnstore.zurich\",\"https:\\\/\\\/x.com\\\/repairnstore\",\"https:\\\/\\\/www.instagram.com\\\/repairnstore.blog\\\/\",\"https:\\\/\\\/de.linkedin.com\\\/company\\\/repairnstore\",\"https:\\\/\\\/www.pinterest.de\\\/repairnstore\\\/\",\"https:\\\/\\\/www.instagram.com\\\/repairnstore.bs\",\"https:\\\/\\\/www.instagram.com\\\/repairnstore.zh\"],\"description\":\"repairNstore ist ein innovatives Unternehmen, das sich auf die Reparatur und den Verkauf von Elektronikger\u00e4ten spezialisiert hat. Mit einem Fokus auf schnelle und zuverl\u00e4ssige L\u00f6sungen bietet repairNstore professionelle Reparaturen f\u00fcr Smartphones, Tablets, Laptops und andere elektronische Ger\u00e4te an. Das Unternehmen nutzt hochwertige Ersatzteile und moderne Reparaturtechniken, um die Lebensdauer Ihrer Ger\u00e4te zu verl\u00e4ngern und ihnen eine neue Funktionalit\u00e4t zu verleihen. Neben Reparaturen bietet repairNstore auch einen umfassenden Service f\u00fcr gebrauchte Elektronik, der es Kunden erm\u00f6glicht, Ger\u00e4te zu kaufen, zu verkaufen oder zu tauschen. Mit einer benutzerfreundlichen Plattform und einem exzellenten Kundenservice sorgt das Unternehmen daf\u00fcr, dass Kunden immer die bestm\u00f6gliche L\u00f6sung f\u00fcr ihre Bed\u00fcrfnisse erhalten. Ob es um die Reparatur eines Displays, den Austausch eines Akkus oder die Datenrettung geht \u2013 repairNstore steht f\u00fcr Qualit\u00e4t, Vertrauen und Kundenzufriedenheit.\",\"legalName\":\"repairNstore GmbH\",\"iso6523Code\":\"ISO 9001\",\"numberOfEmployees\":{\"@type\":\"QuantitativeValue\",\"minValue\":\"11\",\"maxValue\":\"50\"},\"address\":{\"@id\":\"https:\\\/\\\/www.repairnstore.ch\\\/fr\\\/samsung\\\/reparation-du-samsung-galaxy-z\\\/reparation-du-samsung-z-flip-6\\\/#local-main-place-address\"},\"geo\":{\"@type\":\"GeoCoordinates\",\"latitude\":\"47.3888804\",\"longitude\":\"8.4833503\"},\"telephone\":[\"+41445004020\"],\"openingHoursSpecification\":[{\"@type\":\"OpeningHoursSpecification\",\"dayOfWeek\":[\"Monday\",\"Tuesday\",\"Wednesday\",\"Thursday\",\"Friday\"],\"opens\":\"09:00\",\"closes\":\"18:00\"},{\"@type\":\"OpeningHoursSpecification\",\"dayOfWeek\":[\"Saturday\"],\"opens\":\"10:00\",\"closes\":\"16:00\"},{\"@type\":\"OpeningHoursSpecification\",\"dayOfWeek\":[\"Sunday\"],\"opens\":\"00:00\",\"closes\":\"00:00\"}],\"email\":\"zh@repairnstore.ch\",\"areaServed\":\"Thun, Bern, Z\u00fcrich, Luzern\",\"priceRange\":\"$$$\",\"currenciesAccepted\":\"CHF\",\"paymentAccepted\":\"Bar, EC-Karte, Kreditkarte\"},{\"@type\":\"Person\",\"@id\":\"https:\\\/\\\/www.repairnstore.ch\\\/fr\\\/#\\\/schema\\\/person\\\/fcd07ce8e5b5403e61f25d6838fd6510\",\"name\":\"E G\",\"image\":{\"@type\":\"ImageObject\",\"inLanguage\":\"fr-FR\",\"@id\":\"https:\\\/\\\/secure.gravatar.com\\\/avatar\\\/7a65f703b72163e47652af1c438c3a70343f8a41ff30acfd33526cecc97446b8?s=96&d=identicon&r=g\",\"url\":\"https:\\\/\\\/secure.gravatar.com\\\/avatar\\\/7a65f703b72163e47652af1c438c3a70343f8a41ff30acfd33526cecc97446b8?s=96&d=identicon&r=g\",\"contentUrl\":\"https:\\\/\\\/secure.gravatar.com\\\/avatar\\\/7a65f703b72163e47652af1c438c3a70343f8a41ff30acfd33526cecc97446b8?s=96&d=identicon&r=g\",\"caption\":\"E G\"},\"url\":\"https:\\\/\\\/www.repairnstore.ch\\\/fr\\\/author\\\/enisgashi\\\/\"},{\"@type\":\"PostalAddress\",\"@id\":\"https:\\\/\\\/www.repairnstore.ch\\\/fr\\\/samsung\\\/reparation-du-samsung-galaxy-z\\\/reparation-du-samsung-z-flip-6\\\/#local-main-place-address\",\"streetAddress\":\"Badenerstrasse 708\",\"addressLocality\":\"Z\u00fcrich\",\"postalCode\":\"8048\",\"addressRegion\":\"Z\u00fcrich\",\"addressCountry\":\"CH\"},{\"@type\":\"ImageObject\",\"inLanguage\":\"fr-FR\",\"@id\":\"https:\\\/\\\/www.repairnstore.ch\\\/fr\\\/samsung\\\/reparation-du-samsung-galaxy-z\\\/reparation-du-samsung-z-flip-6\\\/#local-main-organization-logo\",\"url\":\"https:\\\/\\\/i0.wp.com\\\/www.repairnstore.ch\\\/wp-content\\\/uploads\\\/2024\\\/12\\\/repairNstore-Logo-Original-1024-x-1024-px.png?fit=1024%2C1024&ssl=1\",\"contentUrl\":\"https:\\\/\\\/i0.wp.com\\\/www.repairnstore.ch\\\/wp-content\\\/uploads\\\/2024\\\/12\\\/repairNstore-Logo-Original-1024-x-1024-px.png?fit=1024%2C1024&ssl=1\",\"width\":1024,\"height\":1024,\"caption\":\"repairNstore\"}]}<\/script>\n<meta name=\"geo.placename\" content=\"Z\u00fcrich\" \/>\n<meta name=\"geo.position\" content=\"47.3888804;8.4833503\" \/>\n<meta name=\"geo.region\" content=\"Suisse\" \/>\n<!-- \/ Yoast SEO Premium plugin. -->","yoast_head_json":{"title":"R\u00e9paration du Samsung Z Flip 6 - R\u00e9paration de l'\u00e9cran, de la batterie sur place !","description":"R\u00e9paration Samsung Galaxy Flip 6, Faites r\u00e9parer votre Samsung par notre service national de r\u00e9paration de t\u00e9l\u00e9phones portables.","robots":{"index":"index","follow":"follow","max-snippet":"max-snippet:-1","max-image-preview":"max-image-preview:large","max-video-preview":"max-video-preview:-1"},"canonical":"https:\/\/www.repairnstore.ch\/fr\/samsung\/reparation-du-samsung-galaxy-z\/reparation-du-samsung-z-flip-6\/","og_locale":"fr_FR","og_type":"article","og_title":"R\u00e9paration du Samsung Z Flip 6","og_url":"https:\/\/www.repairnstore.ch\/fr\/samsung\/reparation-du-samsung-galaxy-z\/reparation-du-samsung-z-flip-6\/","article_publisher":"https:\/\/www.facebook.com\/repairnstore.zurich","og_image":[{"width":800,"height":800,"url":"https:\/\/i0.wp.com\/www.repairnstore.ch\/wp-content\/uploads\/2024\/11\/samsung-galaxy-z-flip6.png?fit=800%2C800&ssl=1","type":"image\/png"}],"twitter_card":"summary_large_image","twitter_site":"@repairnstore","schema":{"@context":"https:\/\/schema.org","@graph":[{"@type":"NewsArticle","@id":"https:\/\/www.repairnstore.ch\/fr\/samsung\/reparation-du-samsung-galaxy-z\/reparation-du-samsung-z-flip-6\/#article","isPartOf":{"@id":"https:\/\/www.repairnstore.ch\/fr\/samsung\/reparation-du-samsung-galaxy-z\/reparation-du-samsung-z-flip-6\/"},"author":{"name":"E G","@id":"https:\/\/www.repairnstore.ch\/fr\/#\/schema\/person\/fcd07ce8e5b5403e61f25d6838fd6510"},"headline":"R\u00e9paration du Samsung Z Flip 6","datePublished":"2025-09-24T13:35:49+00:00","mainEntityOfPage":{"@id":"https:\/\/www.repairnstore.ch\/fr\/samsung\/reparation-du-samsung-galaxy-z\/reparation-du-samsung-z-flip-6\/"},"wordCount":6,"publisher":{"@id":"https:\/\/www.repairnstore.ch\/fr\/#organization"},"image":{"@id":"https:\/\/www.repairnstore.ch\/fr\/samsung\/reparation-du-samsung-galaxy-z\/reparation-du-samsung-z-flip-6\/#primaryimage"},"thumbnailUrl":"https:\/\/i0.wp.com\/www.repairnstore.ch\/wp-content\/uploads\/2024\/11\/samsung-galaxy-z-flip6.png?fit=800%2C800&ssl=1","inLanguage":"fr-FR","copyrightYear":"2025","copyrightHolder":{"@id":"https:\/\/www.repairnstore.ch\/#organization"}},{"@type":"WebPage","@id":"https:\/\/www.repairnstore.ch\/fr\/samsung\/reparation-du-samsung-galaxy-z\/reparation-du-samsung-z-flip-6\/","url":"https:\/\/www.repairnstore.ch\/fr\/samsung\/reparation-du-samsung-galaxy-z\/reparation-du-samsung-z-flip-6\/","name":"R\u00e9paration du Samsung Z Flip 6 - R\u00e9paration de l'\u00e9cran, de la batterie sur place !","isPartOf":{"@id":"https:\/\/www.repairnstore.ch\/fr\/#website"},"primaryImageOfPage":{"@id":"https:\/\/www.repairnstore.ch\/fr\/samsung\/reparation-du-samsung-galaxy-z\/reparation-du-samsung-z-flip-6\/#primaryimage"},"image":{"@id":"https:\/\/www.repairnstore.ch\/fr\/samsung\/reparation-du-samsung-galaxy-z\/reparation-du-samsung-z-flip-6\/#primaryimage"},"thumbnailUrl":"https:\/\/i0.wp.com\/www.repairnstore.ch\/wp-content\/uploads\/2024\/11\/samsung-galaxy-z-flip6.png?fit=800%2C800&ssl=1","datePublished":"2025-09-24T13:35:49+00:00","description":"R\u00e9paration Samsung Galaxy Flip 6, Faites r\u00e9parer votre Samsung par notre service national de r\u00e9paration de t\u00e9l\u00e9phones portables.","breadcrumb":{"@id":"https:\/\/www.repairnstore.ch\/fr\/samsung\/reparation-du-samsung-galaxy-z\/reparation-du-samsung-z-flip-6\/#breadcrumb"},"inLanguage":"fr-FR","potentialAction":[{"@type":"ReadAction","target":["https:\/\/www.repairnstore.ch\/fr\/samsung\/reparation-du-samsung-galaxy-z\/reparation-du-samsung-z-flip-6\/"]}]},{"@type":"ImageObject","inLanguage":"fr-FR","@id":"https:\/\/www.repairnstore.ch\/fr\/samsung\/reparation-du-samsung-galaxy-z\/reparation-du-samsung-z-flip-6\/#primaryimage","url":"https:\/\/i0.wp.com\/www.repairnstore.ch\/wp-content\/uploads\/2024\/11\/samsung-galaxy-z-flip6.png?fit=800%2C800&ssl=1","contentUrl":"https:\/\/i0.wp.com\/www.repairnstore.ch\/wp-content\/uploads\/2024\/11\/samsung-galaxy-z-flip6.png?fit=800%2C800&ssl=1","width":800,"height":800},{"@type":"BreadcrumbList","@id":"https:\/\/www.repairnstore.ch\/fr\/samsung\/reparation-du-samsung-galaxy-z\/reparation-du-samsung-z-flip-6\/#breadcrumb","itemListElement":[{"@type":"ListItem","position":1,"name":"Accueil","item":"https:\/\/www.repairnstore.ch\/fr\/"},{"@type":"ListItem","position":2,"name":"R\u00e9paration Samsung","item":"https:\/\/www.repairnstore.ch\/fr\/samsung\/"},{"@type":"ListItem","position":3,"name":"R\u00e9paration du Samsung Galaxy Z","item":"https:\/\/www.repairnstore.ch\/fr\/samsung\/reparation-du-samsung-galaxy-z\/"},{"@type":"ListItem","position":4,"name":"R\u00e9paration du Samsung Z Flip 6"}]},{"@type":"WebSite","@id":"https:\/\/www.repairnstore.ch\/fr\/#website","url":"https:\/\/www.repairnstore.ch\/fr\/","name":"repairNstore","description":"Handy, Tablet und Notebook PC Verkauf &amp; Reparatur Express","publisher":{"@id":"https:\/\/www.repairnstore.ch\/fr\/#organization"},"alternateName":"Online Store & Repair","potentialAction":[{"@type":"SearchAction","target":{"@type":"EntryPoint","urlTemplate":"https:\/\/www.repairnstore.ch\/fr\/?s={search_term_string}"},"query-input":{"@type":"PropertyValueSpecification","valueRequired":true,"valueName":"search_term_string"}}],"inLanguage":"fr-FR"},{"@type":["Organization","Place","LocalBusiness"],"@id":"https:\/\/www.repairnstore.ch\/fr\/#organization","name":"repairNstore","url":"https:\/\/www.repairnstore.ch\/fr\/","logo":{"@id":"https:\/\/www.repairnstore.ch\/fr\/samsung\/reparation-du-samsung-galaxy-z\/reparation-du-samsung-z-flip-6\/#local-main-organization-logo"},"image":{"@id":"https:\/\/www.repairnstore.ch\/fr\/samsung\/reparation-du-samsung-galaxy-z\/reparation-du-samsung-z-flip-6\/#local-main-organization-logo"},"sameAs":["https:\/\/www.facebook.com\/repairnstore.zurich","https:\/\/x.com\/repairnstore","https:\/\/www.instagram.com\/repairnstore.blog\/","https:\/\/de.linkedin.com\/company\/repairnstore","https:\/\/www.pinterest.de\/repairnstore\/","https:\/\/www.instagram.com\/repairnstore.bs","https:\/\/www.instagram.com\/repairnstore.zh"],"description":"repairNstore ist ein innovatives Unternehmen, das sich auf die Reparatur und den Verkauf von Elektronikger\u00e4ten spezialisiert hat. Mit einem Fokus auf schnelle und zuverl\u00e4ssige L\u00f6sungen bietet repairNstore professionelle Reparaturen f\u00fcr Smartphones, Tablets, Laptops und andere elektronische Ger\u00e4te an. Das Unternehmen nutzt hochwertige Ersatzteile und moderne Reparaturtechniken, um die Lebensdauer Ihrer Ger\u00e4te zu verl\u00e4ngern und ihnen eine neue Funktionalit\u00e4t zu verleihen. Neben Reparaturen bietet repairNstore auch einen umfassenden Service f\u00fcr gebrauchte Elektronik, der es Kunden erm\u00f6glicht, Ger\u00e4te zu kaufen, zu verkaufen oder zu tauschen. Mit einer benutzerfreundlichen Plattform und einem exzellenten Kundenservice sorgt das Unternehmen daf\u00fcr, dass Kunden immer die bestm\u00f6gliche L\u00f6sung f\u00fcr ihre Bed\u00fcrfnisse erhalten. Ob es um die Reparatur eines Displays, den Austausch eines Akkus oder die Datenrettung geht \u2013 repairNstore steht f\u00fcr Qualit\u00e4t, Vertrauen und Kundenzufriedenheit.","legalName":"repairNstore GmbH","iso6523Code":"ISO 9001","numberOfEmployees":{"@type":"QuantitativeValue","minValue":"11","maxValue":"50"},"address":{"@id":"https:\/\/www.repairnstore.ch\/fr\/samsung\/reparation-du-samsung-galaxy-z\/reparation-du-samsung-z-flip-6\/#local-main-place-address"},"geo":{"@type":"GeoCoordinates","latitude":"47.3888804","longitude":"8.4833503"},"telephone":["+41445004020"],"openingHoursSpecification":[{"@type":"OpeningHoursSpecification","dayOfWeek":["Monday","Tuesday","Wednesday","Thursday","Friday"],"opens":"09:00","closes":"18:00"},{"@type":"OpeningHoursSpecification","dayOfWeek":["Saturday"],"opens":"10:00","closes":"16:00"},{"@type":"OpeningHoursSpecification","dayOfWeek":["Sunday"],"opens":"00:00","closes":"00:00"}],"email":"zh@repairnstore.ch","areaServed":"Thun, Bern, Z\u00fcrich, Luzern","priceRange":"$$$","currenciesAccepted":"CHF","paymentAccepted":"Bar, EC-Karte, Kreditkarte"},{"@type":"Person","@id":"https:\/\/www.repairnstore.ch\/fr\/#\/schema\/person\/fcd07ce8e5b5403e61f25d6838fd6510","name":"E G","image":{"@type":"ImageObject","inLanguage":"fr-FR","@id":"https:\/\/secure.gravatar.com\/avatar\/7a65f703b72163e47652af1c438c3a70343f8a41ff30acfd33526cecc97446b8?s=96&d=identicon&r=g","url":"https:\/\/secure.gravatar.com\/avatar\/7a65f703b72163e47652af1c438c3a70343f8a41ff30acfd33526cecc97446b8?s=96&d=identicon&r=g","contentUrl":"https:\/\/secure.gravatar.com\/avatar\/7a65f703b72163e47652af1c438c3a70343f8a41ff30acfd33526cecc97446b8?s=96&d=identicon&r=g","caption":"E G"},"url":"https:\/\/www.repairnstore.ch\/fr\/author\/enisgashi\/"},{"@type":"PostalAddress","@id":"https:\/\/www.repairnstore.ch\/fr\/samsung\/reparation-du-samsung-galaxy-z\/reparation-du-samsung-z-flip-6\/#local-main-place-address","streetAddress":"Badenerstrasse 708","addressLocality":"Z\u00fcrich","postalCode":"8048","addressRegion":"Z\u00fcrich","addressCountry":"CH"},{"@type":"ImageObject","inLanguage":"fr-FR","@id":"https:\/\/www.repairnstore.ch\/fr\/samsung\/reparation-du-samsung-galaxy-z\/reparation-du-samsung-z-flip-6\/#local-main-organization-logo","url":"https:\/\/i0.wp.com\/www.repairnstore.ch\/wp-content\/uploads\/2024\/12\/repairNstore-Logo-Original-1024-x-1024-px.png?fit=1024%2C1024&ssl=1","contentUrl":"https:\/\/i0.wp.com\/www.repairnstore.ch\/wp-content\/uploads\/2024\/12\/repairNstore-Logo-Original-1024-x-1024-px.png?fit=1024%2C1024&ssl=1","width":1024,"height":1024,"caption":"repairNstore"}]},"geo.placename":"Z\u00fcrich","geo.position":{"lat":"47.3888804","long":"8.4833503"},"geo.region":"Suisse"},"jetpack_sharing_enabled":true,"_links":{"self":[{"href":"https:\/\/www.repairnstore.ch\/fr\/wp-json\/wp\/v2\/pages\/33418","targetHints":{"allow":["GET"]}}],"collection":[{"href":"https:\/\/www.repairnstore.ch\/fr\/wp-json\/wp\/v2\/pages"}],"about":[{"href":"https:\/\/www.repairnstore.ch\/fr\/wp-json\/wp\/v2\/types\/page"}],"author":[{"embeddable":true,"href":"https:\/\/www.repairnstore.ch\/fr\/wp-json\/wp\/v2\/users\/11"}],"replies":[{"embeddable":true,"href":"https:\/\/www.repairnstore.ch\/fr\/wp-json\/wp\/v2\/comments?post=33418"}],"version-history":[{"count":0,"href":"https:\/\/www.repairnstore.ch\/fr\/wp-json\/wp\/v2\/pages\/33418\/revisions"}],"up":[{"embeddable":true,"href":"https:\/\/www.repairnstore.ch\/fr\/wp-json\/wp\/v2\/pages\/32801"}],"wp:featuredmedia":[{"embeddable":true,"href":"https:\/\/www.repairnstore.ch\/fr\/wp-json\/wp\/v2\/media\/20768"}],"wp:attachment":[{"href":"https:\/\/www.repairnstore.ch\/fr\/wp-json\/wp\/v2\/media?parent=33418"}],"curies":[{"name":"wp","href":"https:\/\/api.w.org\/{rel}","templated":true}]}}