{"id":18784,"date":"2023-05-15T12:55:37","date_gmt":"2023-05-15T10:55:37","guid":{"rendered":"https:\/\/www.repairnstore.ch\/riparazione-ipad\/riparazione-di-ipad-pro-11-2\/"},"modified":"2025-09-03T19:54:29","modified_gmt":"2025-09-03T17:54:29","slug":"riparazione-di-ipad-pro-11-2","status":"publish","type":"page","link":"https:\/\/www.repairnstore.ch\/it\/riparazione-ipad\/riparazione-di-ipad-pro-11-2\/","title":{"rendered":"Riparazione di iPad Pro 11"},"content":{"rendered":"","protected":false},"excerpt":{"rendered":"","protected":false},"author":7,"featured_media":18752,"parent":5812,"menu_order":0,"comment_status":"closed","ping_status":"closed","template":"","meta":{"googlesitekit_rrm_CAow6obBDA:productID":"","site-sidebar-layout":"no-sidebar","site-content-layout":"page-builder","ast-site-content-layout":"default","site-content-style":"default","site-sidebar-style":"default","ast-global-header-display":"","ast-banner-title-visibility":"","ast-main-header-display":"","ast-hfb-above-header-display":"","ast-hfb-below-header-display":"","ast-hfb-mobile-header-display":"","site-post-title":"disabled","ast-breadcrumbs-content":"","ast-featured-img":"disabled","footer-sml-layout":"","ast-disable-related-posts":"","theme-transparent-header-meta":"","adv-header-id-meta":"","stick-header-meta":"","header-above-stick-meta":"","header-main-stick-meta":"","header-below-stick-meta":"","astra-migrate-meta-layouts":"default","ast-page-background-enabled":"default","ast-page-background-meta":{"desktop":{"background-color":"var(--ast-global-color-5)","background-image":"","background-repeat":"repeat","background-position":"center center","background-size":"auto","background-attachment":"scroll","background-type":"","background-media":"","overlay-type":"","overlay-color":"","overlay-opacity":"","overlay-gradient":""},"tablet":{"background-color":"","background-image":"","background-repeat":"repeat","background-position":"center center","background-size":"auto","background-attachment":"scroll","background-type":"","background-media":"","overlay-type":"","overlay-color":"","overlay-opacity":"","overlay-gradient":""},"mobile":{"background-color":"","background-image":"","background-repeat":"repeat","background-position":"center center","background-size":"auto","background-attachment":"scroll","background-type":"","background-media":"","overlay-type":"","overlay-color":"","overlay-opacity":"","overlay-gradient":""}},"ast-content-background-meta":{"desktop":{"background-color":"var(--ast-global-color-4)","background-image":"","background-repeat":"repeat","background-position":"center center","background-size":"auto","background-attachment":"scroll","background-type":"","background-media":"","overlay-type":"","overlay-color":"","overlay-opacity":"","overlay-gradient":""},"tablet":{"background-color":"var(--ast-global-color-4)","background-image":"","background-repeat":"repeat","background-position":"center center","background-size":"auto","background-attachment":"scroll","background-type":"","background-media":"","overlay-type":"","overlay-color":"","overlay-opacity":"","overlay-gradient":""},"mobile":{"background-color":"var(--ast-global-color-4)","background-image":"","background-repeat":"repeat","background-position":"center center","background-size":"auto","background-attachment":"scroll","background-type":"","background-media":"","overlay-type":"","overlay-color":"","overlay-opacity":"","overlay-gradient":""}},"footnotes":""},"class_list":["post-18784","page","type-page","status-publish","has-post-thumbnail","hentry"],"yoast_head":"<!-- This site is optimized with the Yoast SEO Premium plugin v26.5 (Yoast SEO v27.4) - https:\/\/yoast.com\/product\/yoast-seo-premium-wordpress\/ -->\n<title>Display Riparazione di iPad Pro 11 della batteria e molto altro ancora. veloce ed economico.<\/title>\n<meta name=\"description\" content=\"Avete bisogno di una riparazione affidabile e veloce dell&#039;iPad? I nostri esperti offrono servizi di riparazione per tutti i modelli di iPad.\" \/>\n<meta name=\"robots\" content=\"index, follow, max-snippet:-1, max-image-preview:large, max-video-preview:-1\" \/>\n<link rel=\"canonical\" href=\"https:\/\/www.repairnstore.ch\/it\/riparazione-ipad\/riparazione-di-ipad-pro-11-2\/\" \/>\n<meta property=\"og:locale\" content=\"it_IT\" \/>\n<meta property=\"og:type\" content=\"article\" \/>\n<meta property=\"og:title\" content=\"Riparazione di iPad Pro 11\" \/>\n<meta property=\"og:url\" content=\"https:\/\/www.repairnstore.ch\/it\/riparazione-ipad\/riparazione-di-ipad-pro-11-2\/\" \/>\n<meta property=\"article:publisher\" content=\"https:\/\/www.facebook.com\/repairnstore.zurich\" \/>\n<meta property=\"article:modified_time\" content=\"2025-09-03T17:54:29+00:00\" \/>\n<meta property=\"og:image\" content=\"https:\/\/i0.wp.com\/www.repairnstore.ch\/wp-content\/uploads\/2023\/05\/ipad-pro-2022-11-inch-repair.png?fit=900%2C898&ssl=1\" \/>\n\t<meta property=\"og:image:width\" content=\"900\" \/>\n\t<meta property=\"og:image:height\" content=\"898\" \/>\n\t<meta property=\"og:image:type\" content=\"image\/png\" \/>\n<meta name=\"twitter:card\" content=\"summary_large_image\" \/>\n<meta name=\"twitter:site\" content=\"@repairnstore\" \/>\n<script type=\"application\/ld+json\" class=\"yoast-schema-graph\">{\"@context\":\"https:\\\/\\\/schema.org\",\"@graph\":[{\"@type\":\"NewsArticle\",\"@id\":\"https:\\\/\\\/www.repairnstore.ch\\\/it\\\/riparazione-ipad\\\/riparazione-di-ipad-pro-11-2\\\/#article\",\"isPartOf\":{\"@id\":\"https:\\\/\\\/www.repairnstore.ch\\\/it\\\/riparazione-ipad\\\/riparazione-di-ipad-pro-11-2\\\/\"},\"author\":{\"name\":\"Multi Media\",\"@id\":\"https:\\\/\\\/www.repairnstore.ch\\\/it\\\/#\\\/schema\\\/person\\\/c5922ed5f07cdd76b1eb25ef6c11dc6c\"},\"headline\":\"Riparazione di iPad Pro 11\",\"datePublished\":\"2023-05-15T10:55:37+00:00\",\"dateModified\":\"2025-09-03T17:54:29+00:00\",\"mainEntityOfPage\":{\"@id\":\"https:\\\/\\\/www.repairnstore.ch\\\/it\\\/riparazione-ipad\\\/riparazione-di-ipad-pro-11-2\\\/\"},\"wordCount\":4,\"publisher\":{\"@id\":\"https:\\\/\\\/www.repairnstore.ch\\\/it\\\/#organization\"},\"image\":{\"@id\":\"https:\\\/\\\/www.repairnstore.ch\\\/it\\\/riparazione-ipad\\\/riparazione-di-ipad-pro-11-2\\\/#primaryimage\"},\"thumbnailUrl\":\"https:\\\/\\\/i0.wp.com\\\/www.repairnstore.ch\\\/wp-content\\\/uploads\\\/2023\\\/05\\\/ipad-pro-2022-11-inch-repair.png?fit=900%2C898&ssl=1\",\"inLanguage\":\"it-IT\",\"copyrightYear\":\"2023\",\"copyrightHolder\":{\"@id\":\"https:\\\/\\\/www.repairnstore.ch\\\/#organization\"}},{\"@type\":\"WebPage\",\"@id\":\"https:\\\/\\\/www.repairnstore.ch\\\/it\\\/riparazione-ipad\\\/riparazione-di-ipad-pro-11-2\\\/\",\"url\":\"https:\\\/\\\/www.repairnstore.ch\\\/it\\\/riparazione-ipad\\\/riparazione-di-ipad-pro-11-2\\\/\",\"name\":\"Display Riparazione di iPad Pro 11 della batteria e molto altro ancora. veloce ed economico.\",\"isPartOf\":{\"@id\":\"https:\\\/\\\/www.repairnstore.ch\\\/it\\\/#website\"},\"primaryImageOfPage\":{\"@id\":\"https:\\\/\\\/www.repairnstore.ch\\\/it\\\/riparazione-ipad\\\/riparazione-di-ipad-pro-11-2\\\/#primaryimage\"},\"image\":{\"@id\":\"https:\\\/\\\/www.repairnstore.ch\\\/it\\\/riparazione-ipad\\\/riparazione-di-ipad-pro-11-2\\\/#primaryimage\"},\"thumbnailUrl\":\"https:\\\/\\\/i0.wp.com\\\/www.repairnstore.ch\\\/wp-content\\\/uploads\\\/2023\\\/05\\\/ipad-pro-2022-11-inch-repair.png?fit=900%2C898&ssl=1\",\"datePublished\":\"2023-05-15T10:55:37+00:00\",\"dateModified\":\"2025-09-03T17:54:29+00:00\",\"description\":\"Avete bisogno di una riparazione affidabile e veloce dell'iPad? I nostri esperti offrono servizi di riparazione per tutti i modelli di iPad.\",\"breadcrumb\":{\"@id\":\"https:\\\/\\\/www.repairnstore.ch\\\/it\\\/riparazione-ipad\\\/riparazione-di-ipad-pro-11-2\\\/#breadcrumb\"},\"inLanguage\":\"it-IT\",\"potentialAction\":[{\"@type\":\"ReadAction\",\"target\":[\"https:\\\/\\\/www.repairnstore.ch\\\/it\\\/riparazione-ipad\\\/riparazione-di-ipad-pro-11-2\\\/\"]}]},{\"@type\":\"ImageObject\",\"inLanguage\":\"it-IT\",\"@id\":\"https:\\\/\\\/www.repairnstore.ch\\\/it\\\/riparazione-ipad\\\/riparazione-di-ipad-pro-11-2\\\/#primaryimage\",\"url\":\"https:\\\/\\\/i0.wp.com\\\/www.repairnstore.ch\\\/wp-content\\\/uploads\\\/2023\\\/05\\\/ipad-pro-2022-11-inch-repair.png?fit=900%2C898&ssl=1\",\"contentUrl\":\"https:\\\/\\\/i0.wp.com\\\/www.repairnstore.ch\\\/wp-content\\\/uploads\\\/2023\\\/05\\\/ipad-pro-2022-11-inch-repair.png?fit=900%2C898&ssl=1\",\"width\":900,\"height\":898,\"caption\":\"ipad pro 11 repair, ipad pro basel, ipad basel reparieren\"},{\"@type\":\"BreadcrumbList\",\"@id\":\"https:\\\/\\\/www.repairnstore.ch\\\/it\\\/riparazione-ipad\\\/riparazione-di-ipad-pro-11-2\\\/#breadcrumb\",\"itemListElement\":[{\"@type\":\"ListItem\",\"position\":1,\"name\":\"Casa\",\"item\":\"https:\\\/\\\/www.repairnstore.ch\\\/it\\\/\"},{\"@type\":\"ListItem\",\"position\":2,\"name\":\"Riparazione iPad\",\"item\":\"https:\\\/\\\/www.repairnstore.ch\\\/it\\\/riparazione-ipad\\\/\"},{\"@type\":\"ListItem\",\"position\":3,\"name\":\"Riparazione di iPad Pro 11\"}]},{\"@type\":\"WebSite\",\"@id\":\"https:\\\/\\\/www.repairnstore.ch\\\/it\\\/#website\",\"url\":\"https:\\\/\\\/www.repairnstore.ch\\\/it\\\/\",\"name\":\"repairNstore\",\"description\":\"Handy, Tablet und Notebook PC Verkauf &amp; Reparatur Express\",\"publisher\":{\"@id\":\"https:\\\/\\\/www.repairnstore.ch\\\/it\\\/#organization\"},\"alternateName\":\"Online Store & Repair\",\"potentialAction\":[{\"@type\":\"SearchAction\",\"target\":{\"@type\":\"EntryPoint\",\"urlTemplate\":\"https:\\\/\\\/www.repairnstore.ch\\\/it\\\/?s={search_term_string}\"},\"query-input\":{\"@type\":\"PropertyValueSpecification\",\"valueRequired\":true,\"valueName\":\"search_term_string\"}}],\"inLanguage\":\"it-IT\"},{\"@type\":[\"Organization\",\"Place\",\"LocalBusiness\"],\"@id\":\"https:\\\/\\\/www.repairnstore.ch\\\/it\\\/#organization\",\"name\":\"riparazioneNstore\",\"url\":\"https:\\\/\\\/www.repairnstore.ch\\\/it\\\/\",\"logo\":{\"@id\":\"https:\\\/\\\/www.repairnstore.ch\\\/it\\\/riparazione-ipad\\\/riparazione-di-ipad-pro-11-2\\\/#local-main-organization-logo\"},\"image\":{\"@id\":\"https:\\\/\\\/www.repairnstore.ch\\\/it\\\/riparazione-ipad\\\/riparazione-di-ipad-pro-11-2\\\/#local-main-organization-logo\"},\"sameAs\":[\"https:\\\/\\\/www.facebook.com\\\/repairnstore.zurich\",\"https:\\\/\\\/x.com\\\/repairnstore\",\"https:\\\/\\\/www.instagram.com\\\/repairnstore.blog\\\/\",\"https:\\\/\\\/de.linkedin.com\\\/company\\\/repairnstore\",\"https:\\\/\\\/www.pinterest.de\\\/repairnstore\\\/\",\"https:\\\/\\\/www.instagram.com\\\/repairnstore.bs\",\"https:\\\/\\\/www.instagram.com\\\/repairnstore.zh\"],\"description\":\"repairNstore ist ein innovatives Unternehmen, das sich auf die Reparatur und den Verkauf von Elektronikger\u00e4ten spezialisiert hat. Mit einem Fokus auf schnelle und zuverl\u00e4ssige L\u00f6sungen bietet repairNstore professionelle Reparaturen f\u00fcr Smartphones, Tablets, Laptops und andere elektronische Ger\u00e4te an. Das Unternehmen nutzt hochwertige Ersatzteile und moderne Reparaturtechniken, um die Lebensdauer Ihrer Ger\u00e4te zu verl\u00e4ngern und ihnen eine neue Funktionalit\u00e4t zu verleihen. Neben Reparaturen bietet repairNstore auch einen umfassenden Service f\u00fcr gebrauchte Elektronik, der es Kunden erm\u00f6glicht, Ger\u00e4te zu kaufen, zu verkaufen oder zu tauschen. Mit einer benutzerfreundlichen Plattform und einem exzellenten Kundenservice sorgt das Unternehmen daf\u00fcr, dass Kunden immer die bestm\u00f6gliche L\u00f6sung f\u00fcr ihre Bed\u00fcrfnisse erhalten. Ob es um die Reparatur eines Displays, den Austausch eines Akkus oder die Datenrettung geht \u2013 repairNstore steht f\u00fcr Qualit\u00e4t, Vertrauen und Kundenzufriedenheit.\",\"legalName\":\"repairNstore GmbH\",\"iso6523Code\":\"ISO 9001\",\"numberOfEmployees\":{\"@type\":\"QuantitativeValue\",\"minValue\":\"11\",\"maxValue\":\"50\"},\"address\":{\"@id\":\"https:\\\/\\\/www.repairnstore.ch\\\/it\\\/riparazione-ipad\\\/riparazione-di-ipad-pro-11-2\\\/#local-main-place-address\"},\"geo\":{\"@type\":\"GeoCoordinates\",\"latitude\":\"47.3888804\",\"longitude\":\"8.4833503\"},\"telephone\":[\"+41445004020\"],\"openingHoursSpecification\":[{\"@type\":\"OpeningHoursSpecification\",\"dayOfWeek\":[\"Monday\",\"Tuesday\",\"Wednesday\",\"Thursday\",\"Friday\"],\"opens\":\"09:00\",\"closes\":\"18:00\"},{\"@type\":\"OpeningHoursSpecification\",\"dayOfWeek\":[\"Saturday\"],\"opens\":\"10:00\",\"closes\":\"16:00\"},{\"@type\":\"OpeningHoursSpecification\",\"dayOfWeek\":[\"Sunday\"],\"opens\":\"00:00\",\"closes\":\"00:00\"}],\"email\":\"zh@repairnstore.ch\",\"areaServed\":\"Thun, Bern, Z\u00fcrich, Luzern\",\"priceRange\":\"$$$\",\"currenciesAccepted\":\"CHF\",\"paymentAccepted\":\"Bar, EC-Karte, Kreditkarte\"},{\"@type\":\"Person\",\"@id\":\"https:\\\/\\\/www.repairnstore.ch\\\/it\\\/#\\\/schema\\\/person\\\/c5922ed5f07cdd76b1eb25ef6c11dc6c\",\"name\":\"Multi Media\",\"image\":{\"@type\":\"ImageObject\",\"inLanguage\":\"it-IT\",\"@id\":\"https:\\\/\\\/secure.gravatar.com\\\/avatar\\\/774623eb516dcc0faa8c1de593ce826ff44ed2188514d05e1e3c2c1c3f3ec5cb?s=96&d=identicon&r=g\",\"url\":\"https:\\\/\\\/secure.gravatar.com\\\/avatar\\\/774623eb516dcc0faa8c1de593ce826ff44ed2188514d05e1e3c2c1c3f3ec5cb?s=96&d=identicon&r=g\",\"contentUrl\":\"https:\\\/\\\/secure.gravatar.com\\\/avatar\\\/774623eb516dcc0faa8c1de593ce826ff44ed2188514d05e1e3c2c1c3f3ec5cb?s=96&d=identicon&r=g\",\"caption\":\"Multi Media\"},\"sameAs\":[\"https:\\\/\\\/www.repairnstore.ch\"],\"url\":\"https:\\\/\\\/www.repairnstore.ch\\\/it\\\/author\\\/arijanbislimi-2\\\/\"},{\"@type\":\"PostalAddress\",\"@id\":\"https:\\\/\\\/www.repairnstore.ch\\\/it\\\/riparazione-ipad\\\/riparazione-di-ipad-pro-11-2\\\/#local-main-place-address\",\"streetAddress\":\"Badenerstrasse 708\",\"addressLocality\":\"Z\u00fcrich\",\"postalCode\":\"8048\",\"addressRegion\":\"Z\u00fcrich\",\"addressCountry\":\"CH\"},{\"@type\":\"ImageObject\",\"inLanguage\":\"it-IT\",\"@id\":\"https:\\\/\\\/www.repairnstore.ch\\\/it\\\/riparazione-ipad\\\/riparazione-di-ipad-pro-11-2\\\/#local-main-organization-logo\",\"url\":\"https:\\\/\\\/i0.wp.com\\\/www.repairnstore.ch\\\/wp-content\\\/uploads\\\/2024\\\/12\\\/repairNstore-Logo-Original-1024-x-1024-px.png?fit=1024%2C1024&ssl=1\",\"contentUrl\":\"https:\\\/\\\/i0.wp.com\\\/www.repairnstore.ch\\\/wp-content\\\/uploads\\\/2024\\\/12\\\/repairNstore-Logo-Original-1024-x-1024-px.png?fit=1024%2C1024&ssl=1\",\"width\":1024,\"height\":1024,\"caption\":\"riparazioneNstore\"}]}<\/script>\n<meta name=\"geo.placename\" content=\"Z\u00fcrich\" \/>\n<meta name=\"geo.position\" content=\"47.3888804;8.4833503\" \/>\n<meta name=\"geo.region\" content=\"Svizzera\" \/>\n<!-- \/ Yoast SEO Premium plugin. -->","yoast_head_json":{"title":"Display Riparazione di iPad Pro 11 della batteria e molto altro ancora. veloce ed economico.","description":"Avete bisogno di una riparazione affidabile e veloce dell'iPad? I nostri esperti offrono servizi di riparazione per tutti i modelli di iPad.","robots":{"index":"index","follow":"follow","max-snippet":"max-snippet:-1","max-image-preview":"max-image-preview:large","max-video-preview":"max-video-preview:-1"},"canonical":"https:\/\/www.repairnstore.ch\/it\/riparazione-ipad\/riparazione-di-ipad-pro-11-2\/","og_locale":"it_IT","og_type":"article","og_title":"Riparazione di iPad Pro 11","og_url":"https:\/\/www.repairnstore.ch\/it\/riparazione-ipad\/riparazione-di-ipad-pro-11-2\/","article_publisher":"https:\/\/www.facebook.com\/repairnstore.zurich","article_modified_time":"2025-09-03T17:54:29+00:00","og_image":[{"width":900,"height":898,"url":"https:\/\/i0.wp.com\/www.repairnstore.ch\/wp-content\/uploads\/2023\/05\/ipad-pro-2022-11-inch-repair.png?fit=900%2C898&ssl=1","type":"image\/png"}],"twitter_card":"summary_large_image","twitter_site":"@repairnstore","schema":{"@context":"https:\/\/schema.org","@graph":[{"@type":"NewsArticle","@id":"https:\/\/www.repairnstore.ch\/it\/riparazione-ipad\/riparazione-di-ipad-pro-11-2\/#article","isPartOf":{"@id":"https:\/\/www.repairnstore.ch\/it\/riparazione-ipad\/riparazione-di-ipad-pro-11-2\/"},"author":{"name":"Multi Media","@id":"https:\/\/www.repairnstore.ch\/it\/#\/schema\/person\/c5922ed5f07cdd76b1eb25ef6c11dc6c"},"headline":"Riparazione di iPad Pro 11","datePublished":"2023-05-15T10:55:37+00:00","dateModified":"2025-09-03T17:54:29+00:00","mainEntityOfPage":{"@id":"https:\/\/www.repairnstore.ch\/it\/riparazione-ipad\/riparazione-di-ipad-pro-11-2\/"},"wordCount":4,"publisher":{"@id":"https:\/\/www.repairnstore.ch\/it\/#organization"},"image":{"@id":"https:\/\/www.repairnstore.ch\/it\/riparazione-ipad\/riparazione-di-ipad-pro-11-2\/#primaryimage"},"thumbnailUrl":"https:\/\/i0.wp.com\/www.repairnstore.ch\/wp-content\/uploads\/2023\/05\/ipad-pro-2022-11-inch-repair.png?fit=900%2C898&ssl=1","inLanguage":"it-IT","copyrightYear":"2023","copyrightHolder":{"@id":"https:\/\/www.repairnstore.ch\/#organization"}},{"@type":"WebPage","@id":"https:\/\/www.repairnstore.ch\/it\/riparazione-ipad\/riparazione-di-ipad-pro-11-2\/","url":"https:\/\/www.repairnstore.ch\/it\/riparazione-ipad\/riparazione-di-ipad-pro-11-2\/","name":"Display Riparazione di iPad Pro 11 della batteria e molto altro ancora. veloce ed economico.","isPartOf":{"@id":"https:\/\/www.repairnstore.ch\/it\/#website"},"primaryImageOfPage":{"@id":"https:\/\/www.repairnstore.ch\/it\/riparazione-ipad\/riparazione-di-ipad-pro-11-2\/#primaryimage"},"image":{"@id":"https:\/\/www.repairnstore.ch\/it\/riparazione-ipad\/riparazione-di-ipad-pro-11-2\/#primaryimage"},"thumbnailUrl":"https:\/\/i0.wp.com\/www.repairnstore.ch\/wp-content\/uploads\/2023\/05\/ipad-pro-2022-11-inch-repair.png?fit=900%2C898&ssl=1","datePublished":"2023-05-15T10:55:37+00:00","dateModified":"2025-09-03T17:54:29+00:00","description":"Avete bisogno di una riparazione affidabile e veloce dell'iPad? I nostri esperti offrono servizi di riparazione per tutti i modelli di iPad.","breadcrumb":{"@id":"https:\/\/www.repairnstore.ch\/it\/riparazione-ipad\/riparazione-di-ipad-pro-11-2\/#breadcrumb"},"inLanguage":"it-IT","potentialAction":[{"@type":"ReadAction","target":["https:\/\/www.repairnstore.ch\/it\/riparazione-ipad\/riparazione-di-ipad-pro-11-2\/"]}]},{"@type":"ImageObject","inLanguage":"it-IT","@id":"https:\/\/www.repairnstore.ch\/it\/riparazione-ipad\/riparazione-di-ipad-pro-11-2\/#primaryimage","url":"https:\/\/i0.wp.com\/www.repairnstore.ch\/wp-content\/uploads\/2023\/05\/ipad-pro-2022-11-inch-repair.png?fit=900%2C898&ssl=1","contentUrl":"https:\/\/i0.wp.com\/www.repairnstore.ch\/wp-content\/uploads\/2023\/05\/ipad-pro-2022-11-inch-repair.png?fit=900%2C898&ssl=1","width":900,"height":898,"caption":"ipad pro 11 repair, ipad pro basel, ipad basel reparieren"},{"@type":"BreadcrumbList","@id":"https:\/\/www.repairnstore.ch\/it\/riparazione-ipad\/riparazione-di-ipad-pro-11-2\/#breadcrumb","itemListElement":[{"@type":"ListItem","position":1,"name":"Casa","item":"https:\/\/www.repairnstore.ch\/it\/"},{"@type":"ListItem","position":2,"name":"Riparazione iPad","item":"https:\/\/www.repairnstore.ch\/it\/riparazione-ipad\/"},{"@type":"ListItem","position":3,"name":"Riparazione di iPad Pro 11"}]},{"@type":"WebSite","@id":"https:\/\/www.repairnstore.ch\/it\/#website","url":"https:\/\/www.repairnstore.ch\/it\/","name":"repairNstore","description":"Handy, Tablet und Notebook PC Verkauf &amp; Reparatur Express","publisher":{"@id":"https:\/\/www.repairnstore.ch\/it\/#organization"},"alternateName":"Online Store & Repair","potentialAction":[{"@type":"SearchAction","target":{"@type":"EntryPoint","urlTemplate":"https:\/\/www.repairnstore.ch\/it\/?s={search_term_string}"},"query-input":{"@type":"PropertyValueSpecification","valueRequired":true,"valueName":"search_term_string"}}],"inLanguage":"it-IT"},{"@type":["Organization","Place","LocalBusiness"],"@id":"https:\/\/www.repairnstore.ch\/it\/#organization","name":"riparazioneNstore","url":"https:\/\/www.repairnstore.ch\/it\/","logo":{"@id":"https:\/\/www.repairnstore.ch\/it\/riparazione-ipad\/riparazione-di-ipad-pro-11-2\/#local-main-organization-logo"},"image":{"@id":"https:\/\/www.repairnstore.ch\/it\/riparazione-ipad\/riparazione-di-ipad-pro-11-2\/#local-main-organization-logo"},"sameAs":["https:\/\/www.facebook.com\/repairnstore.zurich","https:\/\/x.com\/repairnstore","https:\/\/www.instagram.com\/repairnstore.blog\/","https:\/\/de.linkedin.com\/company\/repairnstore","https:\/\/www.pinterest.de\/repairnstore\/","https:\/\/www.instagram.com\/repairnstore.bs","https:\/\/www.instagram.com\/repairnstore.zh"],"description":"repairNstore ist ein innovatives Unternehmen, das sich auf die Reparatur und den Verkauf von Elektronikger\u00e4ten spezialisiert hat. Mit einem Fokus auf schnelle und zuverl\u00e4ssige L\u00f6sungen bietet repairNstore professionelle Reparaturen f\u00fcr Smartphones, Tablets, Laptops und andere elektronische Ger\u00e4te an. Das Unternehmen nutzt hochwertige Ersatzteile und moderne Reparaturtechniken, um die Lebensdauer Ihrer Ger\u00e4te zu verl\u00e4ngern und ihnen eine neue Funktionalit\u00e4t zu verleihen. Neben Reparaturen bietet repairNstore auch einen umfassenden Service f\u00fcr gebrauchte Elektronik, der es Kunden erm\u00f6glicht, Ger\u00e4te zu kaufen, zu verkaufen oder zu tauschen. Mit einer benutzerfreundlichen Plattform und einem exzellenten Kundenservice sorgt das Unternehmen daf\u00fcr, dass Kunden immer die bestm\u00f6gliche L\u00f6sung f\u00fcr ihre Bed\u00fcrfnisse erhalten. Ob es um die Reparatur eines Displays, den Austausch eines Akkus oder die Datenrettung geht \u2013 repairNstore steht f\u00fcr Qualit\u00e4t, Vertrauen und Kundenzufriedenheit.","legalName":"repairNstore GmbH","iso6523Code":"ISO 9001","numberOfEmployees":{"@type":"QuantitativeValue","minValue":"11","maxValue":"50"},"address":{"@id":"https:\/\/www.repairnstore.ch\/it\/riparazione-ipad\/riparazione-di-ipad-pro-11-2\/#local-main-place-address"},"geo":{"@type":"GeoCoordinates","latitude":"47.3888804","longitude":"8.4833503"},"telephone":["+41445004020"],"openingHoursSpecification":[{"@type":"OpeningHoursSpecification","dayOfWeek":["Monday","Tuesday","Wednesday","Thursday","Friday"],"opens":"09:00","closes":"18:00"},{"@type":"OpeningHoursSpecification","dayOfWeek":["Saturday"],"opens":"10:00","closes":"16:00"},{"@type":"OpeningHoursSpecification","dayOfWeek":["Sunday"],"opens":"00:00","closes":"00:00"}],"email":"zh@repairnstore.ch","areaServed":"Thun, Bern, Z\u00fcrich, Luzern","priceRange":"$$$","currenciesAccepted":"CHF","paymentAccepted":"Bar, EC-Karte, Kreditkarte"},{"@type":"Person","@id":"https:\/\/www.repairnstore.ch\/it\/#\/schema\/person\/c5922ed5f07cdd76b1eb25ef6c11dc6c","name":"Multi Media","image":{"@type":"ImageObject","inLanguage":"it-IT","@id":"https:\/\/secure.gravatar.com\/avatar\/774623eb516dcc0faa8c1de593ce826ff44ed2188514d05e1e3c2c1c3f3ec5cb?s=96&d=identicon&r=g","url":"https:\/\/secure.gravatar.com\/avatar\/774623eb516dcc0faa8c1de593ce826ff44ed2188514d05e1e3c2c1c3f3ec5cb?s=96&d=identicon&r=g","contentUrl":"https:\/\/secure.gravatar.com\/avatar\/774623eb516dcc0faa8c1de593ce826ff44ed2188514d05e1e3c2c1c3f3ec5cb?s=96&d=identicon&r=g","caption":"Multi Media"},"sameAs":["https:\/\/www.repairnstore.ch"],"url":"https:\/\/www.repairnstore.ch\/it\/author\/arijanbislimi-2\/"},{"@type":"PostalAddress","@id":"https:\/\/www.repairnstore.ch\/it\/riparazione-ipad\/riparazione-di-ipad-pro-11-2\/#local-main-place-address","streetAddress":"Badenerstrasse 708","addressLocality":"Z\u00fcrich","postalCode":"8048","addressRegion":"Z\u00fcrich","addressCountry":"CH"},{"@type":"ImageObject","inLanguage":"it-IT","@id":"https:\/\/www.repairnstore.ch\/it\/riparazione-ipad\/riparazione-di-ipad-pro-11-2\/#local-main-organization-logo","url":"https:\/\/i0.wp.com\/www.repairnstore.ch\/wp-content\/uploads\/2024\/12\/repairNstore-Logo-Original-1024-x-1024-px.png?fit=1024%2C1024&ssl=1","contentUrl":"https:\/\/i0.wp.com\/www.repairnstore.ch\/wp-content\/uploads\/2024\/12\/repairNstore-Logo-Original-1024-x-1024-px.png?fit=1024%2C1024&ssl=1","width":1024,"height":1024,"caption":"riparazioneNstore"}]},"geo.placename":"Z\u00fcrich","geo.position":{"lat":"47.3888804","long":"8.4833503"},"geo.region":"Svizzera"},"jetpack_sharing_enabled":true,"_links":{"self":[{"href":"https:\/\/www.repairnstore.ch\/it\/wp-json\/wp\/v2\/pages\/18784","targetHints":{"allow":["GET"]}}],"collection":[{"href":"https:\/\/www.repairnstore.ch\/it\/wp-json\/wp\/v2\/pages"}],"about":[{"href":"https:\/\/www.repairnstore.ch\/it\/wp-json\/wp\/v2\/types\/page"}],"author":[{"embeddable":true,"href":"https:\/\/www.repairnstore.ch\/it\/wp-json\/wp\/v2\/users\/7"}],"replies":[{"embeddable":true,"href":"https:\/\/www.repairnstore.ch\/it\/wp-json\/wp\/v2\/comments?post=18784"}],"version-history":[{"count":0,"href":"https:\/\/www.repairnstore.ch\/it\/wp-json\/wp\/v2\/pages\/18784\/revisions"}],"up":[{"embeddable":true,"href":"https:\/\/www.repairnstore.ch\/it\/wp-json\/wp\/v2\/pages\/5812"}],"wp:featuredmedia":[{"embeddable":true,"href":"https:\/\/www.repairnstore.ch\/it\/wp-json\/wp\/v2\/media\/18752"}],"wp:attachment":[{"href":"https:\/\/www.repairnstore.ch\/it\/wp-json\/wp\/v2\/media?parent=18784"}],"curies":[{"name":"wp","href":"https:\/\/api.w.org\/{rel}","templated":true}]}}